{"id":10216,"date":"2019-04-22T00:26:08","date_gmt":"2019-04-22T00:26:08","guid":{"rendered":"http:\/\/lufranpanama.com\/?page_id=10216"},"modified":"2019-05-19T04:56:51","modified_gmt":"2019-05-19T04:56:51","slug":"nosotros","status":"publish","type":"page","link":"https:\/\/lufranpanama.com\/index.php\/nosotros\/","title":{"rendered":"Nosotros"},"content":{"rendered":"<p>[vc_row center_row=&#8221;yes&#8221;][vc_column]<div class=\"zozo-parallax-header\"><div class=\"parallax-header\"><h4 class=\"parallax-title text-center\">PLANEAMIENTO, ORGANIZACI\u00d3N Y EJECUCI\u00d3N DE OBRAS.<\/h4><\/div><\/div><div class=\"zozo-content-carousel-wrapper\"><div id=\"zozo-content-carousel1\" class=\"zozo-owl-carousel owl-carousel content-carousel-slider\" data-items=\"1\"  data-slideby=\"1\"  data-items-tablet=\"1\"  data-items-mobile-landscape=\"1\"  data-items-mobile-portrait=\"1\"  data-margin=\"0\"  data-autoplay=\"true\"  data-autoplay-timeout=\"5000\"  data-loop=\"false\"  data-pagination=\"true\"  data-navigation=\"false\" ><p>[vc_row_inner][vc_column_inner][vc_single_image image=&#8221;10332&#8243; img_size=&#8221;1000&#215;350&#8243; alignment=&#8221;center&#8221;][\/vc_column_inner][\/vc_row_inner][vc_row_inner][vc_column_inner][vc_single_image image=&#8221;10344&#8243; img_size=&#8221;1000&#215;350&#8243; alignment=&#8221;center&#8221;][\/vc_column_inner][\/vc_row_inner][vc_row_inner][vc_column_inner][vc_single_image image=&#8221;10294&#8243; img_size=&#8221;1000&#215;350&#8243; alignment=&#8221;center&#8221;][\/vc_column_inner][\/vc_row_inner][vc_row_inner][vc_column_inner][vc_single_image image=&#8221;10292&#8243; img_size=&#8221;1000&#215;350&#8243; alignment=&#8221;center&#8221;][\/vc_column_inner][\/vc_row_inner]<\/p>\n<\/div><\/div>[vc_row_inner css=&#8221;.vc_custom_1440995448065{margin-top: 50px !important;}&#8221;][vc_column_inner][vc_column_text]En LuFran S.A. contamos con una basta experiencia en proyectos de obra civil y privada, para toda clase de clientes. Atendemos la edificaci\u00f3n de obras proyectadas en los ramos comercial, educativo, centros deportivos, vivienda media y residencial, as\u00ed como obras de car\u00e1cter industrial y proyectos especiales.<\/p>\n<p>Ofrecemos asesor\u00eda que usted necesita para lograr la construcci\u00f3n, ampliaci\u00f3n o remodelaci\u00f3n de inmuebles (vivienda, edificio, comercio, centro comercial, bodega, etc.). Como ingenieros, podemos atenderlo en los requerimientos integrales que usted solicite en: Proyectos, Construcci\u00f3n, Direcci\u00f3n de Obras, Supervisi\u00f3n.[\/vc_column_text][\/vc_column_inner][\/vc_row_inner][\/vc_column][\/vc_row]<\/p>\n","protected":false},"excerpt":{"rendered":"<p>[vc_row center_row=&#8221;yes&#8221;][vc_column][vc_row_inner css=&#8221;.vc_custom_1440995448065{margin-top: 50px !important;}&#8221;][vc_column_inner][vc_column_text]En LuFran S.A. contamos con una basta experiencia en proyectos de obra civil y privada, para toda clase de clientes. Atendemos la edificaci\u00f3n de obras proyectadas&#8230;<\/p>\n","protected":false},"author":1,"featured_media":0,"parent":0,"menu_order":0,"comment_status":"closed","ping_status":"closed","template":"","meta":{"nf_dc_page":"","om_disable_all_campaigns":false,"_monsterinsights_skip_tracking":false,"_monsterinsights_sitenote_active":false,"_monsterinsights_sitenote_note":"","_monsterinsights_sitenote_category":0,"footnotes":""},"class_list":["post-10216","page","type-page","status-publish","hentry"],"jetpack_sharing_enabled":true,"_links":{"self":[{"href":"https:\/\/lufranpanama.com\/index.php\/wp-json\/wp\/v2\/pages\/10216","targetHints":{"allow":["GET"]}}],"collection":[{"href":"https:\/\/lufranpanama.com\/index.php\/wp-json\/wp\/v2\/pages"}],"about":[{"href":"https:\/\/lufranpanama.com\/index.php\/wp-json\/wp\/v2\/types\/page"}],"author":[{"embeddable":true,"href":"https:\/\/lufranpanama.com\/index.php\/wp-json\/wp\/v2\/users\/1"}],"replies":[{"embeddable":true,"href":"https:\/\/lufranpanama.com\/index.php\/wp-json\/wp\/v2\/comments?post=10216"}],"version-history":[{"count":9,"href":"https:\/\/lufranpanama.com\/index.php\/wp-json\/wp\/v2\/pages\/10216\/revisions"}],"predecessor-version":[{"id":10359,"href":"https:\/\/lufranpanama.com\/index.php\/wp-json\/wp\/v2\/pages\/10216\/revisions\/10359"}],"wp:attachment":[{"href":"https:\/\/lufranpanama.com\/index.php\/wp-json\/wp\/v2\/media?parent=10216"}],"curies":[{"name":"wp","href":"https:\/\/api.w.org\/{rel}","templated":true}]}}