{"id":10229,"date":"2019-04-22T00:54:48","date_gmt":"2019-04-22T00:54:48","guid":{"rendered":"http:\/\/lufranpanama.com\/?page_id=10229"},"modified":"2019-05-19T04:36:00","modified_gmt":"2019-05-19T04:36:00","slug":"estructuras","status":"publish","type":"page","link":"https:\/\/lufranpanama.com\/index.php\/estructuras\/","title":{"rendered":"Estructuras"},"content":{"rendered":"<p>[vc_row center_row=&#8221;yes&#8221; css=&#8221;.vc_custom_1445926873238{padding-bottom: 45px !important;}&#8221;][vc_column][vc_single_image image=&#8221;10294&#8243; img_size=&#8221;800&#215;400&#8243; alignment=&#8221;center&#8221;][vc_column_text css=&#8221;.vc_custom_1557712069399{margin-bottom: 30px !important;}&#8221;]Disponemos de la capacidad profesional para ejecutar cualquier tipo de obra: nuevas edificaciones, Estructuras Metalicas de gran porte para edificios, Rehabilitaci\u00f3n integral de fachadas, Rehabilitaci\u00f3n de edificios, Refuerzo de estructuras, Acabado en Acero Inoxidable y Vidrio Templado.[\/vc_column_text][vc_row_inner match_height=&#8221;yes&#8221;][vc_column_inner width=&#8221;1\/3&#8243;]<div class=\"zozo-feature-box feature-box-style zozo-img-hover zozo-img-hover-fade-out style-info-box style-box-without-bg style-sep-yes \" id=\"feature-box-1\"><div class=\"grid-item\"><div class=\"grid-box-inner grid-text-left grid-box-image grid-shape-none\"><div class=\"grid-image-wrapper zozo-image-wrapper img-none\"><img loading=\"lazy\" decoding=\"async\" width=\"500\" height=\"320\" src=\"https:\/\/i0.wp.com\/lufranpanama.com\/wp-content\/uploads\/2019\/04\/disee1.jpg?resize=500%2C320&amp;ssl=1\" class=\"img-none attachment-theme-mid\" alt=\"\" srcset=\"https:\/\/i0.wp.com\/lufranpanama.com\/wp-content\/uploads\/2019\/04\/disee1.jpg?resize=500%2C320&amp;ssl=1 500w, https:\/\/i0.wp.com\/lufranpanama.com\/wp-content\/uploads\/2019\/04\/disee1.jpg?resize=1000%2C640&amp;ssl=1 1000w\" sizes=\"auto, (max-width: 500px) 100vw, 500px\" \/><\/div><div class=\"grid-content-wrapper\"><h5 class=\"grid-title text-uppercase\" >Dise\u00f1os y Planos<\/h5><div class=\"grid-desc\" ><p>Dise\u00f1o y Confecci\u00f3n de planos de construcciones y especificaciones tecnicas para ejecuci\u00f3n de obras de construcci\u00f3n en departamentos, casas, PH, oficinas, locales comerciales, edificios y terrenos. Le ofrecemos asesor\u00eda a sus proyectos, recomendando siempre la mejor opci\u00f3n para nuestro cliente. Tratamos de responder a sus necesidades de la manera m\u00e1s eficaz y con precios competitivos.<\/p>\n<\/div><\/div><\/div><\/div><\/div>[\/vc_column_inner][vc_column_inner el_class=&#8221;padding-bottom-30&#8243; width=&#8221;1\/3&#8243;]<div class=\"zozo-feature-box feature-box-style zozo-img-hover zozo-img-hover-fade-out style-info-box style-box-without-bg style-sep-yes \" id=\"feature-box-2\"><div class=\"grid-item\"><div class=\"grid-box-inner grid-text-left grid-box-image grid-shape-none\"><div class=\"grid-image-wrapper zozo-image-wrapper img-none\"><img loading=\"lazy\" decoding=\"async\" width=\"500\" height=\"320\" src=\"https:\/\/i0.wp.com\/lufranpanama.com\/wp-content\/uploads\/2019\/04\/Sin-t%C3%ADtulo-18.jpg?resize=500%2C320&amp;ssl=1\" class=\"img-none attachment-theme-mid\" alt=\"\" \/><\/div><div class=\"grid-content-wrapper\"><h5 class=\"grid-title text-uppercase\" >Estructuras Met\u00e1licas<\/h5><div class=\"grid-desc\" ><p>Nuestros profesionales estan especializados en el dise\u00f1o, c\u00e1lculo, optimizaci\u00f3n, fabricaci\u00f3n y montaje de cualquier tipo de estructura met\u00e1lica ( Vigas, Postes, Pilotes, Viguetas, largueros). Atendemos estructuras metalicas para bodegas, centros logisticos, edificios industriales, centros comerciales, hoteles, supermercados etc.<\/p>\n<\/div><\/div><\/div><\/div><\/div>[\/vc_column_inner][vc_column_inner width=&#8221;1\/3&#8243;]<div class=\"zozo-feature-box feature-box-style zozo-img-hover zozo-img-hover-fade-out style-info-box style-box-without-bg style-sep-yes \" id=\"feature-box-3\"><div class=\"grid-item\"><div class=\"grid-box-inner grid-text-left grid-box-image grid-shape-none\"><div class=\"grid-image-wrapper zozo-image-wrapper img-none\"><img loading=\"lazy\" decoding=\"async\" width=\"500\" height=\"320\" src=\"https:\/\/i0.wp.com\/lufranpanama.com\/wp-content\/uploads\/2019\/04\/ace.jpg?resize=500%2C320&amp;ssl=1\" class=\"img-none attachment-theme-mid\" alt=\"\" \/><\/div><div class=\"grid-content-wrapper\"><h5 class=\"grid-title text-uppercase\" >Acero Inoxidable<\/h5><div class=\"grid-desc\" ><p>Se realizan todo tipo de proyectos en acero inoxidable tales como escaleras, barandillas, puertas y muebles. Dise\u00f1o y fabricaci\u00f3n a la medida segun presupuesto y necesidades del proyecto.<\/p>\n<\/div><\/div><\/div><\/div><\/div>[\/vc_column_inner][\/vc_row_inner][vc_row_inner match_height=&#8221;yes&#8221;][vc_column_inner width=&#8221;1\/3&#8243;]<div class=\"zozo-feature-box feature-box-style zozo-img-hover zozo-img-hover-fade-out style-info-box style-box-without-bg style-sep-yes \" id=\"feature-box-4\"><div class=\"grid-item\"><div class=\"grid-box-inner grid-text-left grid-box-image grid-shape-none\"><div class=\"grid-image-wrapper zozo-image-wrapper img-none\"><img loading=\"lazy\" decoding=\"async\" width=\"500\" height=\"320\" src=\"https:\/\/i0.wp.com\/lufranpanama.com\/wp-content\/uploads\/2019\/04\/Sin-t%C3%ADtulo-19-1.jpg?resize=500%2C320&amp;ssl=1\" class=\"img-none attachment-theme-mid\" alt=\"\" \/><\/div><div class=\"grid-content-wrapper\"><h5 class=\"grid-title text-uppercase\" >Vidrio Templado<\/h5><div class=\"grid-desc\" ><p>Nos especializamos en la confecci\u00f3n e instalaci\u00f3n de puertas, ventanas, mamparas, divisiones de ambiente, elaboradas en vidrios crudos y vidrios templados de diferentes colores y espesores. Las mismas que pueden ser instaladas con accesorios y perfiles de aluminio, acero inoxidable o madera. ( Puertas, \u00a0Escaleras, Pisos, Muro Cortina, Barandas Vidrio templado, Divisiones en Vidrio templado)<\/p>\n<\/div><\/div><\/div><\/div><\/div>[\/vc_column_inner][vc_column_inner el_class=&#8221;padding-bottom-30&#8243; width=&#8221;1\/3&#8243;]<div class=\"zozo-feature-box feature-box-style zozo-img-hover zozo-img-hover-fade-out style-info-box style-box-without-bg style-sep-yes \" id=\"feature-box-5\"><div class=\"grid-item\"><div class=\"grid-box-inner grid-text-left grid-box-image grid-shape-none\"><div class=\"grid-image-wrapper zozo-image-wrapper img-none\"><img loading=\"lazy\" decoding=\"async\" width=\"500\" height=\"320\" src=\"https:\/\/i0.wp.com\/lufranpanama.com\/wp-content\/uploads\/2019\/04\/soldDRU-1.jpg?resize=500%2C320&amp;ssl=1\" class=\"img-none attachment-theme-mid\" alt=\"\" \/><\/div><div class=\"grid-content-wrapper\"><h5 class=\"grid-title text-uppercase\" >Soldadura<\/h5><div class=\"grid-desc\" ><p>Ejecutamos\u00a0 tareas y operaciones de uniones y cortes de piezas de metal fundi\u00e9ndolo y sold\u00e1ndolo con una llama de gas, un arco el\u00e9ctrico u otra fuente de calor, en funci\u00f3n a las exigencias t\u00e9cnicas de calidad de servicio en la industria metalmec\u00e1nica. Interpretaci\u00f3n de planos, documentos t\u00e9cnicos inherentes a la ocupaci\u00f3n, construye, instala, repara piezas y elementos diversos controlando y verificando el buen acabado y funcionalidad de las piezas.<\/p>\n<\/div><\/div><\/div><\/div><\/div>[\/vc_column_inner][vc_column_inner width=&#8221;1\/3&#8243;]<div class=\"zozo-feature-box feature-box-style zozo-img-hover zozo-img-hover-fade-out style-info-box style-box-without-bg style-sep-yes \" id=\"feature-box-6\"><div class=\"grid-item\"><div class=\"grid-box-inner grid-text-left grid-box-image grid-shape-none\"><div class=\"grid-image-wrapper zozo-image-wrapper img-none\"><img loading=\"lazy\" decoding=\"async\" width=\"500\" height=\"320\" src=\"https:\/\/i0.wp.com\/lufranpanama.com\/wp-content\/uploads\/2019\/04\/ancl.jpg?resize=500%2C320&amp;ssl=1\" class=\"img-none attachment-theme-mid\" alt=\"\" \/><\/div><div class=\"grid-content-wrapper\"><h5 class=\"grid-title text-uppercase\" >Reforzamiento Estructural<\/h5><div class=\"grid-desc\" ><p>El paso del tiempo trae siempre consigo el desgaste natural de los cuerpos, las cosas y desde luego, que las estructuras civiles no escapan de esa realidad. Otros factores o circunstancias como los sismos, modificaciones en el uso de una edificaci\u00f3n, aumento del tr\u00e1fico, aceleran este proceso de desgaste convirti\u00e9ndola en una estructural fr\u00e1gil y, por ende, peligrosa para quienes la habitan, trabajan o transitan por ella. Es all\u00ed donde intervienen las avanzadas t\u00e9cnicas de reforzamiento estructural que permiten determinar el tipo de intervenci\u00f3n ( Preventiva o Correctiva) para garantizar la seguridad de los edificios y construcciones en general.<\/p>\n<\/div><\/div><\/div><\/div><\/div>[\/vc_column_inner][\/vc_row_inner][vc_row_inner match_height=&#8221;yes&#8221;][vc_column_inner width=&#8221;1\/3&#8243;]<div class=\"zozo-feature-box feature-box-style zozo-img-hover zozo-img-hover-fade-out style-info-box style-box-without-bg style-sep-yes \" id=\"feature-box-7\"><div class=\"grid-item\"><div class=\"grid-box-inner grid-text-left grid-box-image grid-shape-none\"><div class=\"grid-image-wrapper zozo-image-wrapper img-none\"><img loading=\"lazy\" decoding=\"async\" width=\"500\" height=\"320\" src=\"https:\/\/i0.wp.com\/lufranpanama.com\/wp-content\/uploads\/2019\/04\/REFORZA6.jpg?resize=500%2C320&amp;ssl=1\" class=\"img-none attachment-theme-mid\" alt=\"\" \/><\/div><div class=\"grid-content-wrapper\"><h5 class=\"grid-title text-uppercase\" >Demoliciones<\/h5><div class=\"grid-desc\" ><p>Demolici\u00f3n de casas y edificios, estructuras metalicas y hormig\u00f3n, mediante maquinarias o demolici\u00f3n manual. Nos adaptamos a tus necesidades y los requerimientos de cada tipo de proyecto y, por ello, te recomendaremos aquel tipo de demolici\u00f3n o derribo que mejor se ajuste al tipo de terreno o edificio.<\/p>\n<p>&nbsp;<\/p>\n<\/div><\/div><\/div><\/div><\/div>[\/vc_column_inner][vc_column_inner el_class=&#8221;padding-bottom-30&#8243; width=&#8221;1\/3&#8243;][\/vc_column_inner][vc_column_inner width=&#8221;1\/3&#8243;][\/vc_column_inner][\/vc_row_inner][\/vc_column][\/vc_row][vc_row][vc_column][vc_empty_space height=&#8221;50px&#8221;][vc_custom_heading text=&#8221;Galer\u00eda&#8221; font_container=&#8221;tag:h2|text_align:center&#8221; use_theme_fonts=&#8221;yes&#8221;][vc_row_inner][vc_column_inner][vc_masonry_media_grid grid_id=&#8221;vc_gid:1558240460927-90ea8f57-9f3b-5&#8243; include=&#8221;10297,10298,10299,10301,10303,10312,10304,10305,10316,10306,10307,10309,10310,10300,10313,10314,10315,10302,10323,10317,10319,10320,10321,10322,10318,10324,10326,10327,10328&#8243;][\/vc_column_inner][\/vc_row_inner][\/vc_column][\/vc_row]<\/p>\n","protected":false},"excerpt":{"rendered":"<p>[vc_row center_row=&#8221;yes&#8221; css=&#8221;.vc_custom_1445926873238{padding-bottom: 45px !important;}&#8221;][vc_column][vc_single_image image=&#8221;10294&#8243; img_size=&#8221;800&#215;400&#8243; alignment=&#8221;center&#8221;][vc_column_text css=&#8221;.vc_custom_1557712069399{margin-bottom: 30px !important;}&#8221;]Disponemos de la capacidad profesional para ejecutar cualquier tipo de obra: nuevas edificaciones, Estructuras Metalicas de gran porte para edificios,&#8230;<\/p>\n","protected":false},"author":1,"featured_media":0,"parent":0,"menu_order":0,"comment_status":"closed","ping_status":"closed","template":"","meta":{"nf_dc_page":"","om_disable_all_campaigns":false,"_monsterinsights_skip_tracking":false,"_monsterinsights_sitenote_active":false,"_monsterinsights_sitenote_note":"","_monsterinsights_sitenote_category":0,"footnotes":""},"class_list":["post-10229","page","type-page","status-publish","hentry"],"jetpack_sharing_enabled":true,"_links":{"self":[{"href":"https:\/\/lufranpanama.com\/index.php\/wp-json\/wp\/v2\/pages\/10229","targetHints":{"allow":["GET"]}}],"collection":[{"href":"https:\/\/lufranpanama.com\/index.php\/wp-json\/wp\/v2\/pages"}],"about":[{"href":"https:\/\/lufranpanama.com\/index.php\/wp-json\/wp\/v2\/types\/page"}],"author":[{"embeddable":true,"href":"https:\/\/lufranpanama.com\/index.php\/wp-json\/wp\/v2\/users\/1"}],"replies":[{"embeddable":true,"href":"https:\/\/lufranpanama.com\/index.php\/wp-json\/wp\/v2\/comments?post=10229"}],"version-history":[{"count":16,"href":"https:\/\/lufranpanama.com\/index.php\/wp-json\/wp\/v2\/pages\/10229\/revisions"}],"predecessor-version":[{"id":10353,"href":"https:\/\/lufranpanama.com\/index.php\/wp-json\/wp\/v2\/pages\/10229\/revisions\/10353"}],"wp:attachment":[{"href":"https:\/\/lufranpanama.com\/index.php\/wp-json\/wp\/v2\/media?parent=10229"}],"curies":[{"name":"wp","href":"https:\/\/api.w.org\/{rel}","templated":true}]}}