{"id":10231,"date":"2019-04-22T01:09:27","date_gmt":"2019-04-22T01:09:27","guid":{"rendered":"http:\/\/lufranpanama.com\/?page_id=10231"},"modified":"2019-05-19T04:33:30","modified_gmt":"2019-05-19T04:33:30","slug":"remodelaciones","status":"publish","type":"page","link":"https:\/\/lufranpanama.com\/index.php\/remodelaciones\/","title":{"rendered":"Remodelaciones"},"content":{"rendered":"<p>[vc_row center_row=&#8221;yes&#8221; css=&#8221;.vc_custom_1445926873238{padding-bottom: 45px !important;}&#8221;][vc_column][vc_single_image image=&#8221;10344&#8243; img_size=&#8221;800&#215;400&#8243; alignment=&#8221;center&#8221;][vc_column_text css=&#8221;.vc_custom_1557712686674{margin-bottom: 30px !important;}&#8221;]Realizamos remodelaciones, ampliaciones, decoraci\u00f3n, arquictura y dise\u00f1o de interiores para residencias, oficinas y locales comerciales. Brindamos soluciones modernas, rapidas e inteligentes para optimizar los espacios para que sean acogedores y funcionales. Utilizamos productos de calidad para los acabados.[\/vc_column_text][vc_row_inner match_height=&#8221;yes&#8221;][vc_column_inner width=&#8221;1\/3&#8243;]<div class=\"zozo-feature-box feature-box-style zozo-img-hover zozo-img-hover-fade-out style-info-box style-box-without-bg style-sep-yes \" id=\"feature-box-1\"><div class=\"grid-item\"><div class=\"grid-box-inner grid-text-left grid-box-image grid-shape-none\"><div class=\"grid-image-wrapper zozo-image-wrapper img-none\"><img loading=\"lazy\" decoding=\"async\" width=\"500\" height=\"320\" src=\"https:\/\/i0.wp.com\/lufranpanama.com\/wp-content\/uploads\/2019\/04\/Sin-t%C3%ADtulo-13.png?resize=500%2C320&amp;ssl=1\" class=\"img-none attachment-theme-mid\" alt=\"\" \/><\/div><div class=\"grid-content-wrapper\"><h5 class=\"grid-title text-uppercase\" >ALBA\u00d1ILER\u00cdA<\/h5><div class=\"grid-desc\" ><p>Servicios de alba\u00f1iler\u00eda en Panam\u00e1 por profesionales con a\u00f1os de experiencia, capaces de ofrecer soluciones de la m\u00e1xima calidad y mejor resultado en cada proyecto concreto y seg\u00fan presupuesto. Cubrimos todos los aspectos relativos a construcci\u00f3n, reforma, rehabilitaci\u00f3n y reparaci\u00f3n en edificios, viviendas y locales comerciales y de producci\u00f3n con plenas garant\u00edas en cuanto al logro de cualquier objetivo en tiempo y dentro del presupuesto.<\/p>\n<\/div><\/div><\/div><\/div><\/div>[\/vc_column_inner][vc_column_inner el_class=&#8221;padding-bottom-30&#8243; width=&#8221;1\/3&#8243;]<div class=\"zozo-feature-box feature-box-style zozo-img-hover zozo-img-hover-fade-out style-info-box style-box-without-bg style-sep-yes \" id=\"feature-box-2\"><div class=\"grid-item\"><div class=\"grid-box-inner grid-text-left grid-box-image grid-shape-none\"><div class=\"grid-image-wrapper zozo-image-wrapper img-none\"><img loading=\"lazy\" decoding=\"async\" width=\"500\" height=\"320\" src=\"https:\/\/i0.wp.com\/lufranpanama.com\/wp-content\/uploads\/2019\/04\/revs.jpg?resize=500%2C320&amp;ssl=1\" class=\"img-none attachment-theme-mid\" alt=\"\" \/><\/div><div class=\"grid-content-wrapper\"><h5 class=\"grid-title text-uppercase\" >Revestimientos<\/h5><div class=\"grid-desc\" ><p>Dale a tu espacio toda la belleza que se mercec. Realizamos trabajos de revistimiento en paredes, techos, escaleras, ba\u00f1os para fachadas en interior y exteriores. Trabajamos con diferentes materiales y acabados para dar un look diferente a tu lugar.\u00a0 3D Wall, Piedras, Concreto, Madera, Ceramica, PVC, Granito, Marmol, Baldosas, Porcelanatos<\/p>\n<\/div><\/div><\/div><\/div><\/div>[\/vc_column_inner][vc_column_inner width=&#8221;1\/3&#8243;]<div class=\"zozo-feature-box feature-box-style zozo-img-hover zozo-img-hover-fade-out style-info-box style-box-without-bg style-sep-yes \" id=\"feature-box-3\"><div class=\"grid-item\"><div class=\"grid-box-inner grid-text-left grid-box-image grid-shape-none\"><div class=\"grid-image-wrapper zozo-image-wrapper img-none\"><img loading=\"lazy\" decoding=\"async\" width=\"500\" height=\"320\" src=\"https:\/\/i0.wp.com\/lufranpanama.com\/wp-content\/uploads\/2019\/05\/Trabajos-de-Pintura-Profesional.jpg?resize=500%2C320&amp;ssl=1\" class=\"img-none attachment-theme-mid\" alt=\"\" \/><\/div><div class=\"grid-content-wrapper\"><h5 class=\"grid-title text-uppercase\" >Pintura Profesional<\/h5><div class=\"grid-desc\" ><p>Servicio de pintura para edificios, locales comerciales, casas de playa, residencias y oficinas. Trabajo de calidad con acabados finos y perdurables para cualquier tipo de superficie y el clima de nuestro pais. Aplicamos tratamientos para remover suciedad y moho; Sellamos de grietas en pisos, techos y paredes, con productos de alta calidad; Inspecci\u00f3n en estructuras y recubrimiento industrial para impermeabilizaciones en general.<\/p>\n<\/div><\/div><\/div><\/div><\/div>[\/vc_column_inner][\/vc_row_inner][vc_row_inner match_height=&#8221;yes&#8221;][vc_column_inner width=&#8221;1\/3&#8243;]<div class=\"zozo-feature-box feature-box-style zozo-img-hover zozo-img-hover-fade-out style-info-box style-box-without-bg style-sep-yes \" id=\"feature-box-4\"><div class=\"grid-item\"><div class=\"grid-box-inner grid-text-left grid-box-image grid-shape-none\"><div class=\"grid-image-wrapper zozo-image-wrapper img-none\"><img loading=\"lazy\" decoding=\"async\" width=\"500\" height=\"320\" src=\"https:\/\/i0.wp.com\/lufranpanama.com\/wp-content\/uploads\/2019\/04\/cocina-02.jpg?resize=500%2C320&amp;ssl=1\" class=\"img-none attachment-theme-mid\" alt=\"\" srcset=\"https:\/\/i0.wp.com\/lufranpanama.com\/wp-content\/uploads\/2019\/04\/cocina-02.jpg?resize=500%2C320&amp;ssl=1 500w, https:\/\/i0.wp.com\/lufranpanama.com\/wp-content\/uploads\/2019\/04\/cocina-02.jpg?zoom=2&amp;resize=500%2C320 1000w, https:\/\/i0.wp.com\/lufranpanama.com\/wp-content\/uploads\/2019\/04\/cocina-02.jpg?zoom=3&amp;resize=500%2C320 1500w\" sizes=\"auto, (max-width: 500px) 100vw, 500px\" \/><\/div><div class=\"grid-content-wrapper\"><h5 class=\"grid-title text-uppercase\" >EBANISTER\u00cdA Y MUEBLES<\/h5><div class=\"grid-desc\" ><p>Nos encargamos del dise\u00f1o, la fabricaci\u00f3n e instalaci\u00f3n de muebles a medida. Atendemos muebles de cocina, sala, dormitorios y comedores. Ofrecemos un asesoramiento personalizado para dar con la soluci\u00f3n que mejor se adapte a las necesidades de nuestros clientes. Trabajamos con los mejores materiales del sector para ofrecer a nuestros clientes resultados de la m\u00e1s alta calidad.<\/p>\n<\/div><\/div><\/div><\/div><\/div>[\/vc_column_inner][vc_column_inner el_class=&#8221;padding-bottom-30&#8243; width=&#8221;1\/3&#8243;]<div class=\"zozo-feature-box feature-box-style zozo-img-hover zozo-img-hover-fade-out style-info-box style-box-without-bg style-sep-yes \" id=\"feature-box-5\"><div class=\"grid-item\"><div class=\"grid-box-inner grid-text-left grid-box-image grid-shape-none\"><div class=\"grid-image-wrapper zozo-image-wrapper img-none\"><img loading=\"lazy\" decoding=\"async\" width=\"500\" height=\"320\" src=\"https:\/\/i0.wp.com\/lufranpanama.com\/wp-content\/uploads\/2019\/04\/gypsum.jpg?resize=500%2C320&amp;ssl=1\" class=\"img-none attachment-theme-mid\" alt=\"\" \/><\/div><div class=\"grid-content-wrapper\"><h5 class=\"grid-title text-uppercase\" >Gypsum<\/h5><div class=\"grid-desc\" ><p>Somos especialistas en instalaci\u00f3n de Gypsum. Contamos con basta experiencia realizando trabajos en residencias, comercios, oficinas y edificios. El gypsum es una soluci\u00f3n pr\u00e1ctica y muy r\u00e1pida para construir secciones en cualquier ambiente. El gypsum es un sistema de Construcci\u00f3n Liviana en Seco. Es un m\u00e9todo que combina placas de yeso con una estructura reticular liviana de madera o acero galvanizado, en cuyo proceso de fabricaci\u00f3n y acabado no se utiliza agua.<\/p>\n<\/div><\/div><\/div><\/div><\/div>[\/vc_column_inner][vc_column_inner width=&#8221;1\/3&#8243;][\/vc_column_inner][\/vc_row_inner][vc_row_inner match_height=&#8221;yes&#8221;][vc_column_inner width=&#8221;1\/3&#8243;][\/vc_column_inner][vc_column_inner el_class=&#8221;padding-bottom-30&#8243; width=&#8221;1\/3&#8243;][\/vc_column_inner][vc_column_inner width=&#8221;1\/3&#8243;][\/vc_column_inner][\/vc_row_inner][\/vc_column][\/vc_row]<\/p>\n","protected":false},"excerpt":{"rendered":"<p>[vc_row center_row=&#8221;yes&#8221; css=&#8221;.vc_custom_1445926873238{padding-bottom: 45px !important;}&#8221;][vc_column][vc_single_image image=&#8221;10344&#8243; img_size=&#8221;800&#215;400&#8243; alignment=&#8221;center&#8221;][vc_column_text css=&#8221;.vc_custom_1557712686674{margin-bottom: 30px !important;}&#8221;]Realizamos remodelaciones, ampliaciones, decoraci\u00f3n, arquictura y dise\u00f1o de interiores para residencias, oficinas y locales comerciales. Brindamos soluciones modernas, rapidas e&#8230;<\/p>\n","protected":false},"author":1,"featured_media":0,"parent":0,"menu_order":0,"comment_status":"closed","ping_status":"closed","template":"","meta":{"nf_dc_page":"","om_disable_all_campaigns":false,"_monsterinsights_skip_tracking":false,"_monsterinsights_sitenote_active":false,"_monsterinsights_sitenote_note":"","_monsterinsights_sitenote_category":0,"footnotes":""},"class_list":["post-10231","page","type-page","status-publish","hentry"],"jetpack_sharing_enabled":true,"_links":{"self":[{"href":"https:\/\/lufranpanama.com\/index.php\/wp-json\/wp\/v2\/pages\/10231","targetHints":{"allow":["GET"]}}],"collection":[{"href":"https:\/\/lufranpanama.com\/index.php\/wp-json\/wp\/v2\/pages"}],"about":[{"href":"https:\/\/lufranpanama.com\/index.php\/wp-json\/wp\/v2\/types\/page"}],"author":[{"embeddable":true,"href":"https:\/\/lufranpanama.com\/index.php\/wp-json\/wp\/v2\/users\/1"}],"replies":[{"embeddable":true,"href":"https:\/\/lufranpanama.com\/index.php\/wp-json\/wp\/v2\/comments?post=10231"}],"version-history":[{"count":21,"href":"https:\/\/lufranpanama.com\/index.php\/wp-json\/wp\/v2\/pages\/10231\/revisions"}],"predecessor-version":[{"id":10352,"href":"https:\/\/lufranpanama.com\/index.php\/wp-json\/wp\/v2\/pages\/10231\/revisions\/10352"}],"wp:attachment":[{"href":"https:\/\/lufranpanama.com\/index.php\/wp-json\/wp\/v2\/media?parent=10231"}],"curies":[{"name":"wp","href":"https:\/\/api.w.org\/{rel}","templated":true}]}}