{"id":10235,"date":"2019-04-22T01:28:35","date_gmt":"2019-04-22T01:28:35","guid":{"rendered":"http:\/\/lufranpanama.com\/?page_id=10235"},"modified":"2019-05-19T04:50:20","modified_gmt":"2019-05-19T04:50:20","slug":"mantenimiento","status":"publish","type":"page","link":"https:\/\/lufranpanama.com\/index.php\/mantenimiento\/","title":{"rendered":"Mantenimiento"},"content":{"rendered":"<p>[vc_row center_row=&#8221;yes&#8221; css=&#8221;.vc_custom_1445926873238{padding-bottom: 45px !important;}&#8221;][vc_column][vc_single_image image=&#8221;10354&#8243; img_size=&#8221;full&#8221; alignment=&#8221;center&#8221;][vc_column_text css=&#8221;.vc_custom_1557712738903{margin-bottom: 30px !important;}&#8221;]Servicios de mantenimiento preventivo, correctivo y reparaciones para residencias, oficinas y locales comerciales de peque\u00f1as o grandes superficies. Entre los servicios que ofrecemos tenemos: Pintura profesional para edficios, Plomeria y Electricidad.[\/vc_column_text][vc_row_inner match_height=&#8221;yes&#8221;][vc_column_inner width=&#8221;1\/3&#8243;]<div class=\"zozo-feature-box feature-box-style zozo-img-hover zozo-img-hover-fade-out style-info-box style-box-without-bg style-sep-yes \" id=\"feature-box-1\"><div class=\"grid-item\"><div class=\"grid-box-inner grid-text-left grid-box-image grid-shape-none\"><div class=\"grid-image-wrapper zozo-image-wrapper img-none\"><img loading=\"lazy\" decoding=\"async\" width=\"500\" height=\"320\" src=\"https:\/\/i0.wp.com\/lufranpanama.com\/wp-content\/uploads\/2019\/04\/pla.png?resize=500%2C320&amp;ssl=1\" class=\"img-none attachment-theme-mid\" alt=\"\" srcset=\"https:\/\/i0.wp.com\/lufranpanama.com\/wp-content\/uploads\/2019\/04\/pla.png?resize=500%2C320&amp;ssl=1 500w, https:\/\/i0.wp.com\/lufranpanama.com\/wp-content\/uploads\/2019\/04\/pla.png?zoom=2&amp;resize=500%2C320 1000w, https:\/\/i0.wp.com\/lufranpanama.com\/wp-content\/uploads\/2019\/04\/pla.png?zoom=3&amp;resize=500%2C320 1500w\" sizes=\"auto, (max-width: 500px) 100vw, 500px\" \/><\/div><div class=\"grid-content-wrapper\"><h5 class=\"grid-title text-uppercase\" >PLOMER\u00cdA<\/h5><div class=\"grid-desc\" ><p>Nuestros servicios de plomeria ofrecen equipos modernos y un personal preparado para la eficiente realizacion de nuestro trabajos.\u00a0 Atendemos : Reparaci\u00f3n tuberias de cobre; Instalaci\u00f3n de lavamanos; Detecci\u00f3n y reparaci\u00f3n de filtraciones; Destapes de ca\u00f1erias; Instalaci\u00f3n de tuber\u00edas fluviales, residuales y de agua potable.<\/p>\n<\/div><\/div><\/div><\/div><\/div>[\/vc_column_inner][vc_column_inner el_class=&#8221;padding-bottom-30&#8243; width=&#8221;1\/3&#8243;]<div class=\"zozo-feature-box feature-box-style zozo-img-hover zozo-img-hover-fade-out style-info-box style-box-without-bg style-sep-yes \" id=\"feature-box-2\"><div class=\"grid-item\"><div class=\"grid-box-inner grid-text-left grid-box-image grid-shape-none\"><div class=\"grid-image-wrapper zozo-image-wrapper img-none\"><img loading=\"lazy\" decoding=\"async\" width=\"500\" height=\"320\" src=\"https:\/\/i0.wp.com\/lufranpanama.com\/wp-content\/uploads\/2019\/05\/trabajos-de-electricidad.jpg?resize=500%2C320&amp;ssl=1\" class=\"img-none attachment-theme-mid\" alt=\"\" srcset=\"https:\/\/i0.wp.com\/lufranpanama.com\/wp-content\/uploads\/2019\/05\/trabajos-de-electricidad.jpg?w=500&amp;ssl=1 500w, https:\/\/i0.wp.com\/lufranpanama.com\/wp-content\/uploads\/2019\/05\/trabajos-de-electricidad.jpg?resize=300%2C192&amp;ssl=1 300w\" sizes=\"auto, (max-width: 500px) 100vw, 500px\" \/><\/div><div class=\"grid-content-wrapper\"><h5 class=\"grid-title text-uppercase\" >ELECTRICIDAD<\/h5><div class=\"grid-desc\" ><p>Servicio t\u00e9cnico en electricidad a empresas constructoras de edificios y comercios, proyectos de ingenier\u00eda el\u00e9ctrica industrial. Tambi\u00e9n atendemos emergencias a domicilio. Contamos con personal profesional calificado y capacitado para cada \u00e1rea de la electricidad con el fin de brindar servicios de calidad, Ingenieros, t\u00e9cnicos y personal operativo. Ademas estamos equipados con instrumentaci\u00f3n moderna que nos permiten diagnosticar con m\u00e1s precisi\u00f3n y solucionar problemas con mayor eficiencia.<\/p>\n<\/div><\/div><\/div><\/div><\/div>[\/vc_column_inner][vc_column_inner width=&#8221;1\/3&#8243;]<div class=\"zozo-feature-box feature-box-style zozo-img-hover zozo-img-hover-fade-out style-info-box style-box-without-bg style-sep-yes \" id=\"feature-box-3\"><div class=\"grid-item\"><div class=\"grid-box-inner grid-text-left grid-box-image grid-shape-none\"><div class=\"grid-image-wrapper zozo-image-wrapper img-none\"><img loading=\"lazy\" decoding=\"async\" width=\"500\" height=\"320\" src=\"https:\/\/i0.wp.com\/lufranpanama.com\/wp-content\/uploads\/2019\/05\/Trabajos-de-Pintura-Profesional.jpg?resize=500%2C320&amp;ssl=1\" class=\"img-none attachment-theme-mid\" alt=\"\" \/><\/div><div class=\"grid-content-wrapper\"><h5 class=\"grid-title text-uppercase\" >PINTURA<\/h5><div class=\"grid-desc\" ><p>Servicio de pintura para edificios, locales comerciales, casas de playa, residencias y oficinas. Trabajo de calidad con acabados finos y perdurables para cualquier tipo de superficie y el clima de nuestro pa\u00eds. Aplicamos tratamientos para remover suciedad y moho. Sellamos de grietas en pisos, techos y paredes, con productos de alta calidad. Inspecci\u00f3n en estructuras y recubrimiento industrial para <span class=\"original-content\">impermeabilizaciones <\/span>en general.<\/p>\n<\/div><\/div><\/div><\/div><\/div>[\/vc_column_inner][\/vc_row_inner][vc_row_inner match_height=&#8221;yes&#8221;][vc_column_inner width=&#8221;1\/3&#8243;][\/vc_column_inner][vc_column_inner el_class=&#8221;padding-bottom-30&#8243; width=&#8221;1\/3&#8243;][\/vc_column_inner][vc_column_inner width=&#8221;1\/3&#8243;][\/vc_column_inner][\/vc_row_inner][vc_row_inner match_height=&#8221;yes&#8221;][vc_column_inner width=&#8221;1\/3&#8243;][\/vc_column_inner][vc_column_inner el_class=&#8221;padding-bottom-30&#8243; width=&#8221;1\/3&#8243;][\/vc_column_inner][vc_column_inner width=&#8221;1\/3&#8243;][\/vc_column_inner][\/vc_row_inner][\/vc_column][\/vc_row]<\/p>\n","protected":false},"excerpt":{"rendered":"<p>[vc_row center_row=&#8221;yes&#8221; css=&#8221;.vc_custom_1445926873238{padding-bottom: 45px !important;}&#8221;][vc_column][vc_single_image image=&#8221;10354&#8243; img_size=&#8221;full&#8221; alignment=&#8221;center&#8221;][vc_column_text css=&#8221;.vc_custom_1557712738903{margin-bottom: 30px !important;}&#8221;]Servicios de mantenimiento preventivo, correctivo y reparaciones para residencias, oficinas y locales comerciales de peque\u00f1as o grandes superficies. Entre los&#8230;<\/p>\n","protected":false},"author":1,"featured_media":0,"parent":0,"menu_order":0,"comment_status":"closed","ping_status":"closed","template":"","meta":{"nf_dc_page":"","om_disable_all_campaigns":false,"_monsterinsights_skip_tracking":false,"_monsterinsights_sitenote_active":false,"_monsterinsights_sitenote_note":"","_monsterinsights_sitenote_category":0,"footnotes":""},"class_list":["post-10235","page","type-page","status-publish","hentry"],"jetpack_sharing_enabled":true,"_links":{"self":[{"href":"https:\/\/lufranpanama.com\/index.php\/wp-json\/wp\/v2\/pages\/10235","targetHints":{"allow":["GET"]}}],"collection":[{"href":"https:\/\/lufranpanama.com\/index.php\/wp-json\/wp\/v2\/pages"}],"about":[{"href":"https:\/\/lufranpanama.com\/index.php\/wp-json\/wp\/v2\/types\/page"}],"author":[{"embeddable":true,"href":"https:\/\/lufranpanama.com\/index.php\/wp-json\/wp\/v2\/users\/1"}],"replies":[{"embeddable":true,"href":"https:\/\/lufranpanama.com\/index.php\/wp-json\/wp\/v2\/comments?post=10235"}],"version-history":[{"count":8,"href":"https:\/\/lufranpanama.com\/index.php\/wp-json\/wp\/v2\/pages\/10235\/revisions"}],"predecessor-version":[{"id":10356,"href":"https:\/\/lufranpanama.com\/index.php\/wp-json\/wp\/v2\/pages\/10235\/revisions\/10356"}],"wp:attachment":[{"href":"https:\/\/lufranpanama.com\/index.php\/wp-json\/wp\/v2\/media?parent=10235"}],"curies":[{"name":"wp","href":"https:\/\/api.w.org\/{rel}","templated":true}]}}